{"id":375904,"date":"2024-04-15T13:03:57","date_gmt":"2024-04-15T11:03:57","guid":{"rendered":"https:\/\/evolutionlegacy.it\/carrello\/"},"modified":"2025-07-14T15:49:33","modified_gmt":"2025-07-14T13:49:33","slug":"chariot","status":"publish","type":"page","link":"https:\/\/onetribeglobal.net\/fr\/carrello\/","title":{"rendered":"Chariot"},"content":{"rendered":"<div data-block-name=\"woocommerce\/cart\" class=\"wp-block-woocommerce-cart alignwide is-loading\">\n<div data-block-name=\"woocommerce\/filled-cart-block\" class=\"wp-block-woocommerce-filled-cart-block\">\n<div data-block-name=\"woocommerce\/cart-items-block\" class=\"wp-block-woocommerce-cart-items-block\">\n<div data-block-name=\"woocommerce\/cart-line-items-block\" class=\"wp-block-woocommerce-cart-line-items-block\"><\/div>\n\n\n\n<div data-block-name=\"woocommerce\/cart-cross-sells-block\" class=\"wp-block-woocommerce-cart-cross-sells-block\">\n<h2 class=\"wp-block-heading has-large-font-size\">Vous pouvez \u00e9galement \u00eatre int\u00e9ress\u00e9 par...<\/h2>\n\n\n\n<div data-block-name=\"woocommerce\/cart-cross-sells-products-block\" class=\"wp-block-woocommerce-cart-cross-sells-products-block\"><\/div>\n<\/div>\n\n\n<\/div>\n\n\n\n<div data-block-name=\"woocommerce\/cart-totals-block\" class=\"wp-block-woocommerce-cart-totals-block\">\n<div data-block-name=\"woocommerce\/cart-order-summary-block\" class=\"wp-block-woocommerce-cart-order-summary-block\">\n<div data-block-name=\"woocommerce\/cart-order-summary-heading-block\" data-content=\"Totale carrello\" class=\"wp-block-woocommerce-cart-order-summary-heading-block\"><\/div>\n\n\n\n<div data-block-name=\"woocommerce\/cart-order-summary-coupon-form-block\" class=\"wp-block-woocommerce-cart-order-summary-coupon-form-block\"><\/div>\n\n\n\n<div data-block-name=\"woocommerce\/cart-order-summary-totals-block\" class=\"wp-block-woocommerce-cart-order-summary-totals-block\">\n<div data-block-name=\"woocommerce\/cart-order-summary-subtotal-block\" class=\"wp-block-woocommerce-cart-order-summary-subtotal-block\"><\/div>\n\n\n\n<div data-block-name=\"woocommerce\/cart-order-summary-fee-block\" class=\"wp-block-woocommerce-cart-order-summary-fee-block\"><\/div>\n\n\n\n<div data-block-name=\"woocommerce\/cart-order-summary-discount-block\" class=\"wp-block-woocommerce-cart-order-summary-discount-block\"><\/div>\n\n\n\n<div data-block-name=\"woocommerce\/cart-order-summary-shipping-block\" class=\"wp-block-woocommerce-cart-order-summary-shipping-block\"><\/div>\n\n\n\n<p><\/p>\n\n\n\n<p><\/p>\n\n\n\n<div data-block-name=\"woocommerce\/cart-order-summary-taxes-block\" class=\"wp-block-woocommerce-cart-order-summary-taxes-block\"><\/div>\n<\/div>\n<\/div>\n\n\n<div data-lock=\"{\"remove\":true}\" data-ppcp-id=\"ppcp-80cde153-170c-4b82-983c-b9d32b615dbb\" data-block-name=\"woocommerce-paypal-payments\/cart-paylater-messages\" data-pp-placement=\"cart\" data-pp-style-layout=\"text\" data-pp-style-logo-position=\"left\" data-pp-style-logo-type=\"inline\" data-pp-style-text-color=\"monochrome\" data-pp-style-text-size=\"12\" id=\"ppcp-80cde153-170c-4b82-983c-b9d32b615dbb\" class=\"ppcp-messages\" data-partner-attribution-id=\"Woo_PPCP\"><\/div>\n\n\n<div data-block-name=\"woocommerce\/cart-express-payment-block\" data-button-border-radius=\"4\" data-button-height=\"40\" data-show-button-styles=\"true\" class=\"wp-block-woocommerce-cart-express-payment-block\"><\/div>\n\n\n\n<div data-block-name=\"woocommerce\/proceed-to-checkout-block\" data-trp-content-restriction=\"{\"restriction_type\":\"exclude\",\"selected_languages\":[],\"panel_open\":false}\" class=\"wp-block-woocommerce-proceed-to-checkout-block\"><\/div>\n\n\n\n<div data-block-name=\"woocommerce\/cart-accepted-payment-methods-block\" class=\"wp-block-woocommerce-cart-accepted-payment-methods-block\"><\/div>\n\n\n\n<p>Pour payer en plusieurs fois avec\u00a0<strong>Klarna<\/strong>cliquez sur \"Proc\u00e9der au paiement\".<br><a href=\"https:\/\/eventinspirar.com\/\"><\/a><\/p>\n<\/div>\n<\/div>\n\n\n\n<div data-block-name=\"woocommerce\/empty-cart-block\" class=\"wp-block-woocommerce-empty-cart-block\">\n<h2 class=\"wp-block-heading has-text-align-center with-empty-cart-icon wc-block-cart__empty-cart__title\">Votre panier est actuellement vide !<\/h2>\n\n\n\n<hr class=\"wp-block-separator has-alpha-channel-opacity is-style-dots\"\/>\n\n\n\n<h2 class=\"wp-block-heading has-text-align-center\">Nouveau dans le magasin<\/h2>\n\n\n<div data-block-name=\"woocommerce\/product-new\" data-columns=\"4\" data-rows=\"1\" class=\"wc-block-grid wp-block-product-new wp-block-woocommerce-product-new wc-block-product-new has-4-columns\"><ul class=\"wc-block-grid__products\"><li class=\"wc-block-grid__product\">\n\t\t\t\t<a href=\"https:\/\/onetribeglobal.net\/fr\/negozio\/ceo-of-myself\/\" class=\"wc-block-grid__product-link\">\n\t\t\t\t\t\n\t\t\t\t\t<div class=\"wc-block-grid__product-image\"><img fetchpriority=\"high\" decoding=\"async\" width=\"300\" height=\"300\" src=\"https:\/\/imagedelivery.net\/4GfEW61jYD5PIqOIWiVn1g\/da7cfff9-ba17-4089-dcaa-d762faf8c200\/w=300,h=300,fit=crop\" class=\"attachment-woocommerce_thumbnail size-woocommerce_thumbnail\" alt=\"PDG de moi-m\u00eame\" \/><\/div>\n\t\t\t\t\t<div class=\"wc-block-grid__product-title\">PDG de moi-m\u00eame<\/div>\n\t\t\t\t<\/a>\n\t\t\t\t<div class=\"wc-block-grid__product-price price\"><span class=\"woocommerce-Price-amount amount\">29,90\u00a0<span class=\"woocommerce-Price-currencySymbol\">\u20ac<\/span><\/span> <small class=\"woocommerce-price-suffix\"><span class=\"woocommerce-Price-amount amount\">29,90\u00a0<span class=\"woocommerce-Price-currencySymbol\">\u20ac<\/span><\/span><\/small><\/div>\n\t\t\t\t\n\t\t\t\t<div class=\"wp-block-button wc-block-grid__product-add-to-cart\"><a href=\"https:\/\/ceofmyself.company.site\/\" aria-label=\"Acheter\" data-quantity=\"1\" data-product_id=\"387614\" data-product_sku=\"ceo-of-myself\" data-price=\"29.9\" rel=\"nofollow\" class=\"wp-block-button__link  add_to_cart_button\">Acheter<\/a><\/div>\n\t\t\t<\/li><\/ul><\/div><\/div>\n<\/div>","protected":false},"excerpt":{"rendered":"","protected":false},"author":1,"featured_media":0,"parent":0,"menu_order":0,"comment_status":"closed","ping_status":"closed","template":"","meta":{"pmpro_default_level":"","_price":"","_stock":"","_tribe_ticket_header":"","_tribe_default_ticket_provider":"","_tribe_ticket_capacity":"0","_ticket_start_date":"","_ticket_end_date":"","_tribe_ticket_show_description":"","_tribe_ticket_show_not_going":false,"_tribe_ticket_use_global_stock":"","_tribe_ticket_global_stock_level":"","_global_stock_mode":"","_global_stock_cap":"","_tribe_rsvp_for_event":"","_tribe_ticket_going_count":"","_tribe_ticket_not_going_count":"","_tribe_tickets_list":"[]","_tribe_ticket_has_attendee_info_fields":false,"footnotes":""},"class_list":["post-375904","page","type-page","status-publish","hentry","pmpro-has-access"],"app_access":{"can_access":true,"restrict_message":null},"_links":{"self":[{"href":"https:\/\/onetribeglobal.net\/fr\/wp-json\/wp\/v2\/pages\/375904","targetHints":{"allow":["GET"]}}],"collection":[{"href":"https:\/\/onetribeglobal.net\/fr\/wp-json\/wp\/v2\/pages"}],"about":[{"href":"https:\/\/onetribeglobal.net\/fr\/wp-json\/wp\/v2\/types\/page"}],"author":[{"embeddable":true,"href":"https:\/\/onetribeglobal.net\/fr\/wp-json\/wp\/v2\/users\/1"}],"replies":[{"embeddable":true,"href":"https:\/\/onetribeglobal.net\/fr\/wp-json\/wp\/v2\/comments?post=375904"}],"version-history":[{"count":0,"href":"https:\/\/onetribeglobal.net\/fr\/wp-json\/wp\/v2\/pages\/375904\/revisions"}],"wp:attachment":[{"href":"https:\/\/onetribeglobal.net\/fr\/wp-json\/wp\/v2\/media?parent=375904"}],"curies":[{"name":"wp","href":"https:\/\/api.w.org\/{rel}","templated":true}]}}